{"id":13359,"date":"2025-09-27T08:52:32","date_gmt":"2025-09-27T08:52:32","guid":{"rendered":"https:\/\/nevrasresort.com\/?page_id=13359"},"modified":"2025-09-27T08:56:22","modified_gmt":"2025-09-27T08:56:22","slug":"%d8%b9%d9%82%d8%af-%d8%a7%d9%84%d8%a8%d9%8a%d8%b9-%d8%b9%d9%86-%d8%a8%d9%8f%d8%b9%d8%af","status":"publish","type":"page","link":"https:\/\/nevrasresort.com\/ar\/%d8%b9%d9%82%d8%af-%d8%a7%d9%84%d8%a8%d9%8a%d8%b9-%d8%b9%d9%86-%d8%a8%d9%8f%d8%b9%d8%af\/","title":{"rendered":"\u0639\u0642\u062f \u0627\u0644\u0628\u064a\u0639 \u0639\u0646 \u0628\u064f\u0639\u062f"},"content":{"rendered":"\t\t<div data-elementor-type=\"wp-page\" data-elementor-id=\"13359\" class=\"elementor elementor-13359\">\n\t\t\t\t\t\t<section class=\"elementor-section elementor-top-section elementor-element elementor-element-6ffce02a elementor-section-boxed elementor-section-height-default elementor-section-height-default wd-section-disabled\" data-id=\"6ffce02a\" data-element_type=\"section\" data-e-type=\"section\">\n\t\t\t\t\t\t<div class=\"elementor-container elementor-column-gap-default\">\n\t\t\t\t\t<div class=\"elementor-column elementor-col-100 elementor-top-column elementor-element elementor-element-4afc575\" data-id=\"4afc575\" data-element_type=\"column\" data-e-type=\"column\">\n\t\t\t<div class=\"elementor-widget-wrap elementor-element-populated\">\n\t\t\t\t\t\t<div class=\"elementor-element elementor-element-71cae62 color-scheme-inherit text-left elementor-widget elementor-widget-text-editor\" data-id=\"71cae62\" data-element_type=\"widget\" data-e-type=\"widget\" data-widget_type=\"text-editor.default\">\n\t\t\t\t<div class=\"elementor-widget-container\">\n\t\t\t\t\t\t\t\t\t\n<p data-start=\"94\" data-end=\"474\"><strong data-start=\"94\" data-end=\"116\">\u0627\u0644\u0645\u0627\u062f\u0629 1 \/ \u0627\u0644\u0623\u0637\u0631\u0627\u0641<\/strong><br data-start=\"116\" data-end=\"119\" \/>1.1 \u0623\u064f\u0628\u0631\u0645 \u0647\u0630\u0627 \u0627\u0644\u0639\u0642\u062f \u0628\u064a\u0646 \u0634\u0631\u0643\u0629 <strong data-start=\"148\" data-end=\"212\">ENTER \u0130STANBUL GAYR\u0130MEN.PAZ.DI\u015e.T\u0130C.LTD.\u015eT\u0130. (Nevras Resort)<\/strong> \u0627\u0644\u0643\u0627\u0626\u0646\u0629 \u0641\u064a (G\u00fcldibi, Dilekli Cd. No:75, 54600 Sapanca\/Sakarya)\u060c \u0647\u0627\u062a\u0641: 0850 500 0054 (\u0648\u064a\u064f\u0634\u0627\u0631 \u0625\u0644\u064a\u0647\u0627 \u0641\u064a\u0645\u0627 \u0628\u0639\u062f \u0628\u0640 &#8220;\u0627\u0644\u0628\u0627\u0626\u0639&#8221;)\u060c \u0648\u0628\u064a\u0646 \u0627\u0644\u0639\u0645\u064a\u0644 \u0627\u0644\u0630\u064a \u064a\u0642\u0648\u0645 \u0628\u0627\u0644\u062d\u062c\u0632 \u0639\u0628\u0631 \u0627\u0644\u0645\u0648\u0642\u0639 \u0627\u0644\u0625\u0644\u0643\u062a\u0631\u0648\u0646\u064a\u060c \u0648\u064a\u064f\u062f\u062e\u0644 \u062c\u0645\u064a\u0639 \u0628\u064a\u0627\u0646\u0627\u062a\u0647 \u0627\u0644\u0634\u062e\u0635\u064a\u0629 \u0628\u0634\u0643\u0644 \u0643\u0627\u0645\u0644 \u0648\u064a\u0648\u0627\u0641\u0642 \u0639\u0644\u064a\u0647\u0627 (\u0648\u064a\u064f\u0634\u0627\u0631 \u0625\u0644\u064a\u0647 \u0641\u064a\u0645\u0627 \u0628\u0639\u062f \u0628\u0640 &#8220;\u0627\u0644\u0639\u0645\u064a\u0644&#8221;).<\/p>\n<p data-start=\"476\" data-end=\"726\"><strong data-start=\"476\" data-end=\"506\">\u0627\u0644\u0645\u0627\u062f\u0629 2 \/ \u0627\u0644\u0645\u0648\u0636\u0648\u0639 \u0648\u0627\u0644\u0646\u0637\u0627\u0642<\/strong><br data-start=\"506\" data-end=\"509\" \/>2.1 \u062a\u0645 \u0625\u0639\u062f\u0627\u062f \u0647\u0630\u0627 \u0627\u0644\u0639\u0642\u062f \u0648\u0641\u0642\u064b\u0627 \u0644\u0644\u0642\u0627\u0646\u0648\u0646 \u0631\u0642\u0645 6502 \u0628\u0634\u0623\u0646 \u062d\u0645\u0627\u064a\u0629 \u0627\u0644\u0645\u0633\u062a\u0647\u0644\u0643 \u0648\u0644\u0627\u0626\u062d\u0629 \u0627\u0644\u0639\u0642\u0648\u062f \u0627\u0644\u0645\u0628\u0631\u0645\u0629 \u0639\u0646 \u0628\u064f\u0639\u062f.<br data-start=\"605\" data-end=\"608\" \/>2.2 \u0645\u0648\u0636\u0648\u0639 \u0627\u0644\u0639\u0642\u062f \u0647\u0648 \u062a\u0642\u062f\u064a\u0645 \u062e\u062f\u0645\u0627\u062a \u0627\u0644\u0625\u0642\u0627\u0645\u0629 \u0627\u0644\u062a\u064a \u064a\u0637\u0644\u0628\u0647\u0627 \u0627\u0644\u0639\u0645\u064a\u0644 \u0625\u0644\u0643\u062a\u0631\u0648\u0646\u064a\u064b\u0627 \u0639\u0628\u0631 \u0645\u0648\u0642\u0639 \u0627\u0644\u0628\u0627\u0626\u0639\u060c \u0648\u062a\u062d\u062f\u064a\u062f \u062d\u0642\u0648\u0642 \u0648\u0627\u0644\u062a\u0632\u0627\u0645\u0627\u062a \u0627\u0644\u0637\u0631\u0641\u064a\u0646.<\/p>\n<p data-start=\"728\" data-end=\"1227\"><strong data-start=\"728\" data-end=\"762\">\u0627\u0644\u0645\u0627\u062f\u0629 3 \/ \u0637\u0628\u064a\u0639\u0629 \u0627\u0644\u062e\u062f\u0645\u0629 \u0648\u0633\u0639\u0631\u0647\u0627<\/strong><br data-start=\"762\" data-end=\"765\" \/>3.1 \u0627\u0644\u0623\u0633\u0639\u0627\u0631 \u0627\u0644\u0645\u0630\u0643\u0648\u0631\u0629 \u0644\u0644\u062d\u062c\u0632 \u062a\u0634\u0645\u0644 \u0636\u0631\u064a\u0628\u0629 \u0627\u0644\u0642\u064a\u0645\u0629 \u0627\u0644\u0645\u0636\u0627\u0641\u0629.<br data-start=\"818\" data-end=\"821\" \/>3.2 \u064a\u0634\u0645\u0644 \u0633\u0639\u0631 \u0627\u0644\u0639\u0642\u062f \u062c\u0645\u064a\u0639 \u0627\u0644\u062e\u062f\u0645\u0627\u062a \u0627\u0644\u0645\u062d\u062f\u062f\u0629 \u0641\u064a \u0627\u0644\u062d\u062c\u0632. \u0623\u0645\u0627 \u0627\u0644\u062e\u062f\u0645\u0627\u062a \u0627\u0644\u0625\u0636\u0627\u0641\u064a\u0629 (\u0627\u0644\u062a\u0646\u0638\u064a\u0641\u060c \u062a\u063a\u064a\u064a\u0631 \u0627\u0644\u0645\u0646\u0627\u0634\u0641\/\u0627\u0644\u0645\u0644\u0627\u0621\u0627\u062a\u060c \u0625\u0644\u062e) \u0641\u064a\u062a\u0645 \u062a\u062d\u0635\u064a\u0644 \u0631\u0633\u0648\u0645 \u0625\u0636\u0627\u0641\u064a\u0629 \u0639\u0644\u064a\u0647\u0627.<br data-start=\"960\" data-end=\"963\" \/>3.3 \u0628\u0627\u0644\u0646\u0633\u0628\u0629 \u0644\u0644\u0645\u0646\u062a\u062c\u0627\u062a \u0630\u0627\u062a \u0627\u0644\u062a\u062e\u0641\u064a\u0636\u0627\u062a \u0623\u0648 \u0627\u0644\u062d\u0645\u0644\u0627\u062a \u0627\u0644\u062a\u0631\u0648\u064a\u062c\u064a\u0629\u060c \u064a\u062a\u0645 \u062a\u062d\u0635\u064a\u0644 \u0631\u0633\u0648\u0645 \u0625\u0644\u063a\u0627\u0621 \u063a\u064a\u0631 \u0642\u0627\u0628\u0644\u0629 \u0644\u0644\u0627\u0633\u062a\u0631\u062f\u0627\u062f \u0639\u0646\u062f \u0627\u0644\u062d\u062c\u0632. \u0648\u064a\u062a\u0645 \u062a\u062d\u0635\u064a\u0644 \u0627\u0644\u0645\u0628\u0644\u063a \u0627\u0644\u0645\u062a\u0628\u0642\u064a \u0641\u064a \u064a\u0648\u0645 \u062a\u0633\u062c\u064a\u0644 \u0627\u0644\u0648\u0635\u0648\u0644.<br data-start=\"1118\" data-end=\"1121\" \/>3.4 \u0637\u0631\u0642 \u0627\u0644\u062f\u0641\u0639: \u0627\u0644\u062a\u062d\u0648\u064a\u0644 \u0627\u0644\u0628\u0646\u0643\u064a\u060c \u0627\u0644\u062a\u062d\u0648\u064a\u0644 \u0627\u0644\u0625\u0644\u0643\u062a\u0631\u0648\u0646\u064a (EFT)\u060c \u0627\u0644\u0628\u0637\u0627\u0642\u0629 \u0627\u0644\u0627\u0626\u062a\u0645\u0627\u0646\u064a\u0629\u060c \u0623\u0648 \u0646\u0638\u0627\u0645 \u0627\u0644\u062f\u0641\u0639 \u0639\u0628\u0631 \u0627\u0644\u0625\u0646\u062a\u0631\u0646\u062a.<\/p>\n<p data-start=\"1229\" data-end=\"1460\"><strong data-start=\"1229\" data-end=\"1266\">\u0627\u0644\u0645\u0627\u062f\u0629 4 \/ \u062a\u0633\u062c\u064a\u0644 \u0627\u0644\u0648\u0635\u0648\u0644 \u0648\u0627\u0644\u0645\u063a\u0627\u062f\u0631\u0629<\/strong><br data-start=\"1266\" data-end=\"1269\" \/>4.1 \u0648\u0642\u062a \u062a\u0633\u062c\u064a\u0644 \u0627\u0644\u0648\u0635\u0648\u0644: 15:00<br data-start=\"1296\" data-end=\"1299\" \/>4.2 \u0648\u0642\u062a \u062a\u0633\u062c\u064a\u0644 \u0627\u0644\u0645\u063a\u0627\u062f\u0631\u0629: 12:00<br data-start=\"1328\" data-end=\"1331\" \/>4.3 \u064a\u062c\u0628 \u0625\u0628\u0644\u0627\u063a \u0627\u0644\u0628\u0627\u0626\u0639 \u0645\u0633\u0628\u0642\u064b\u0627 \u0628\u0637\u0644\u0628\u0627\u062a \u062a\u0633\u062c\u064a\u0644 \u0627\u0644\u0648\u0635\u0648\u0644 \u0627\u0644\u0645\u0628\u0643\u0631 \u0623\u0648 \u0627\u0644\u0645\u063a\u0627\u062f\u0631\u0629 \u0627\u0644\u0645\u062a\u0623\u062e\u0631\u0629. \u0641\u064a \u062d\u0627\u0644\u0629 \u0627\u0644\u0645\u063a\u0627\u062f\u0631\u0629 \u0627\u0644\u0645\u0628\u0643\u0631\u0629\u060c \u0644\u0627 \u064a\u062a\u0645 \u0627\u0633\u062a\u0631\u062f\u0627\u062f \u0623\u064a \u0645\u0628\u0627\u0644\u063a.<\/p>\n<p data-start=\"1462\" data-end=\"1656\"><strong data-start=\"1462\" data-end=\"1487\">\u0627\u0644\u0645\u0627\u062f\u0629 5 \/ \u0633\u0639\u0629 \u0627\u0644\u0641\u064a\u0644\u0627<\/strong><br data-start=\"1487\" data-end=\"1490\" \/>5.1 \u0644\u0627 \u064a\u062a\u0645 \u0642\u0628\u0648\u0644 \u0636\u064a\u0648\u0641 \u064a\u0632\u064a\u062f \u0639\u062f\u062f\u0647\u0645 \u0639\u0646 \u0627\u0644\u0633\u0639\u0629 \u0627\u0644\u0645\u062d\u062f\u062f\u0629 \u0641\u064a \u0627\u0644\u062d\u062c\u0632.<br data-start=\"1548\" data-end=\"1551\" \/>5.2 \u064a\u062c\u0628 \u062a\u0642\u062f\u064a\u0645 \u0637\u0644\u0628\u0627\u062a \u0625\u0636\u0627\u0641\u0629 \u0636\u064a\u0648\u0641 \u0625\u0636\u0627\u0641\u064a\u064a\u0646 \u0643\u062a\u0627\u0628\u064a\u064b\u0627 \u0625\u0644\u0649 \u0627\u0644\u0628\u0627\u0626\u0639\u060c \u0648\u0625\u0630\u0627 \u062a\u0645\u062a \u0627\u0644\u0645\u0648\u0627\u0641\u0642\u0629\u060c \u0642\u062f \u064a\u062a\u0645 \u062a\u062d\u0635\u064a\u0644 \u0631\u0633\u0648\u0645 \u0625\u0636\u0627\u0641\u064a\u0629.<\/p>\n<p data-start=\"1658\" data-end=\"2007\"><strong data-start=\"1658\" data-end=\"1708\">\u0627\u0644\u0645\u0627\u062f\u0629 6 \/ \u0627\u0644\u062a\u0646\u0638\u064a\u0641 \u0648\u0627\u0644\u0635\u064a\u0627\u0646\u0629 \u0648\u0627\u0644\u0645\u0635\u0627\u0631\u064a\u0641 \u0627\u0644\u0625\u0636\u0627\u0641\u064a\u0629<\/strong><br data-start=\"1708\" data-end=\"1711\" \/>6.1 \u064a\u0634\u0645\u0644 \u0633\u0639\u0631 \u062a\u0623\u062c\u064a\u0631 \u0627\u0644\u0641\u064a\u0644\u0627 (\u0627\u0644\u064a\u0648\u0645\u064a\u060c \u0627\u0644\u0623\u0633\u0628\u0648\u0639\u064a\u060c \u0627\u0644\u0634\u0647\u0631\u064a) \u062e\u062f\u0645\u0629 \u0627\u0644\u062a\u0646\u0638\u064a\u0641 \u0627\u0644\u0623\u0633\u0627\u0633\u064a\u0629.<br data-start=\"1786\" data-end=\"1789\" \/>6.2 \u0641\u064a \u0627\u0644\u0625\u0642\u0627\u0645\u0627\u062a \u0627\u0644\u0623\u0633\u0628\u0648\u0639\u064a\u0629 \u0648\u0627\u0644\u0637\u0648\u064a\u0644\u0629\u060c \u064a\u0634\u0645\u0644 \u0627\u0644\u0633\u0639\u0631 \u062a\u063a\u064a\u064a\u0631 \u0627\u0644\u0645\u0646\u0627\u0634\u0641\/\u0627\u0644\u0645\u0644\u0627\u0621\u0627\u062a.<br data-start=\"1859\" data-end=\"1862\" \/>6.3 \u0627\u0644\u062a\u0646\u0638\u064a\u0641 \u0623\u0648 \u0627\u0644\u062a\u063a\u064a\u064a\u0631 \u0627\u0644\u0625\u0636\u0627\u0641\u064a \u064a\u062e\u0636\u0639 \u0644\u0631\u0633\u0648\u0645 \u0625\u0636\u0627\u0641\u064a\u0629.<br data-start=\"1911\" data-end=\"1914\" \/>6.4 \u062a\u062a\u0645 \u0645\u0639\u0627\u0644\u062c\u0629 \u0627\u0644\u0623\u0639\u0637\u0627\u0644 \u0627\u0644\u062a\u0642\u0646\u064a\u0629 \u0641\u064a \u0627\u0644\u0641\u064a\u0644\u0627 \u0645\u0646 \u0642\u0628\u0644 \u0627\u0644\u0628\u0627\u0626\u0639\u060c \u0648\u0639\u0644\u0649 \u0627\u0644\u0639\u0645\u064a\u0644 \u062a\u0642\u062f\u064a\u0645 \u0627\u0644\u0645\u0633\u0627\u0639\u062f\u0629 \u0627\u0644\u0644\u0627\u0632\u0645\u0629.<\/p>\n<p data-start=\"2009\" data-end=\"2153\"><strong data-start=\"2009\" data-end=\"2050\">\u0627\u0644\u0645\u0627\u062f\u0629 7 \/ \u0627\u0644\u062d\u064a\u0648\u0627\u0646\u0627\u062a \u0627\u0644\u0623\u0644\u064a\u0641\u0629 \u0648\u0627\u0644\u062a\u062f\u062e\u064a\u0646<\/strong><br data-start=\"2050\" data-end=\"2053\" \/>7.1 \u064a\u064f\u0633\u0645\u062d \u0628\u062f\u062e\u0648\u0644 \u0627\u0644\u062d\u064a\u0648\u0627\u0646\u0627\u062a \u0627\u0644\u0623\u0644\u064a\u0641\u0629 \u0641\u064a \u0627\u0644\u0641\u064a\u0644\u0627\u062a.<br data-start=\"2098\" data-end=\"2101\" \/>7.2 \u064a\u064f\u0645\u0646\u0639 \u0627\u0644\u062a\u062f\u062e\u064a\u0646 \u062f\u0627\u062e\u0644 \u0627\u0644\u0645\u0646\u0627\u0637\u0642 \u0627\u0644\u0645\u063a\u0644\u0642\u0629 \u0641\u064a \u0627\u0644\u0641\u064a\u0644\u0627\u062a.<\/p>\n<p data-start=\"2155\" data-end=\"2753\"><strong data-start=\"2155\" data-end=\"2208\">\u0627\u0644\u0645\u0627\u062f\u0629 8 \/ \u0627\u0644\u062d\u062c\u0632 \u0648\u0627\u0644\u062f\u0641\u0639 \u2013 \u0634\u0631\u0648\u0637 \u0627\u0644\u0625\u0644\u063a\u0627\u0621 \u0648\u0627\u0644\u0627\u0633\u062a\u0631\u062f\u0627\u062f<\/strong><br data-start=\"2208\" data-end=\"2211\" \/>8.1 \u064a\u0645\u0643\u0646 \u0625\u0644\u063a\u0627\u0621 \u0627\u0644\u062d\u062c\u0632 \u0639\u0628\u0631 \u0627\u0644\u0645\u0648\u0642\u0639 \u0627\u0644\u0625\u0644\u0643\u062a\u0631\u0648\u0646\u064a \u0623\u0648 \u0645\u0646 \u062e\u0644\u0627\u0644 \u0628\u064a\u0627\u0646\u0627\u062a \u0627\u0644\u0627\u062a\u0635\u0627\u0644 \u0627\u0644\u062e\u0627\u0635\u0629 \u0628\u0627\u0644\u0628\u0627\u0626\u0639.<br data-start=\"2295\" data-end=\"2298\" \/>8.2 \u0641\u064a \u062d\u0627\u0644 \u0627\u0644\u062d\u062c\u0648\u0632\u0627\u062a \u0645\u0639 \u0631\u0633\u0648\u0645 \u0625\u0644\u063a\u0627\u0621 \u063a\u064a\u0631 \u0642\u0627\u0628\u0644\u0629 \u0644\u0644\u0627\u0633\u062a\u0631\u062f\u0627\u062f\u060c \u0644\u0627 \u064a\u062a\u0645 \u0631\u062f \u0647\u0630\u0647 \u0627\u0644\u0631\u0633\u0648\u0645.<br data-start=\"2374\" data-end=\"2377\" \/>8.3 \u0625\u0630\u0627 \u062a\u0645 \u0625\u0644\u063a\u0627\u0621 \u0627\u0644\u062d\u062c\u0632 \u0642\u0628\u0644 30 \u064a\u0648\u0645\u064b\u0627 \u0623\u0648 \u0623\u0642\u0644 \u0645\u0646 \u062a\u0627\u0631\u064a\u062e \u062a\u0633\u062c\u064a\u0644 \u0627\u0644\u0648\u0635\u0648\u0644\u060c \u0644\u0627 \u064a\u062a\u0645 \u0627\u0633\u062a\u0631\u062f\u0627\u062f \u0627\u0644\u0645\u0628\u0627\u0644\u063a \u0627\u0644\u0645\u062f\u0641\u0648\u0639\u0629.<br data-start=\"2475\" data-end=\"2478\" \/>8.4 \u0641\u064a \u062d\u0627\u0644 \u0625\u0644\u063a\u0627\u0621 \u0627\u0644\u062d\u062c\u0632 \u0644\u0623\u0633\u0628\u0627\u0628 \u062a\u0639\u0648\u062f \u0625\u0644\u0649 \u0627\u0644\u0628\u0627\u0626\u0639\u060c \u064a\u062a\u0645 \u062a\u0642\u062f\u064a\u0645 \u0641\u064a\u0644\u0627 \u0628\u062f\u064a\u0644\u0629 \u0645\u0646\u0627\u0633\u0628\u0629\u060c \u0648\u0625\u0630\u0627 \u0644\u0645 \u064a\u0642\u0628\u0644 \u0627\u0644\u0639\u0645\u064a\u0644\u060c \u064a\u062a\u0645 \u0631\u062f \u0627\u0644\u0645\u0628\u0627\u0644\u063a \u0627\u0644\u0645\u062f\u0641\u0648\u0639\u0629.<br data-start=\"2599\" data-end=\"2602\" \/>8.5 \u0641\u064a \u062d\u0627\u0644 \u0627\u0644\u062f\u0641\u0639 \u0628\u0628\u0637\u0627\u0642\u0629 \u0627\u0626\u062a\u0645\u0627\u0646 \u0623\u0648 \u062a\u062d\u0648\u064a\u0644 \u0628\u0646\u0643\u064a \u0623\u0648 EFT\u060c \u062a\u062a\u0645 \u0639\u0645\u0644\u064a\u0629 \u0627\u0644\u0627\u0633\u062a\u0631\u062f\u0627\u062f \u0628\u0646\u0641\u0633 \u0648\u0633\u064a\u0644\u0629 \u0627\u0644\u062f\u0641\u0639. \u0642\u062f \u062a\u064f\u062e\u0635\u0645 \u0631\u0633\u0648\u0645 \u0627\u0644\u0639\u0645\u0648\u0644\u0629 \u0648\u0627\u0644\u0645\u0635\u0627\u0631\u064a\u0641 \u0627\u0644\u0628\u0646\u0643\u064a\u0629 \u0645\u0646 \u0627\u0644\u0645\u0628\u0644\u063a \u0627\u0644\u0645\u0633\u062a\u0631\u062f.<\/p>\n<p data-start=\"2755\" data-end=\"2972\"><strong data-start=\"2755\" data-end=\"2785\">\u0627\u0644\u0645\u0627\u062f\u0629 9 \/ \u0627\u0644\u062a\u0632\u0627\u0645\u0627\u062a \u0627\u0644\u0628\u0627\u0626\u0639<\/strong><br data-start=\"2785\" data-end=\"2788\" \/>9.1 \u064a\u0644\u062a\u0632\u0645 \u0627\u0644\u0628\u0627\u0626\u0639 \u0628\u062a\u0633\u0644\u064a\u0645 \u0627\u0644\u0641\u064a\u0644\u0627 \u0641\u064a \u0627\u0644\u062a\u0627\u0631\u064a\u062e \u0648\u0627\u0644\u0648\u0642\u062a \u0627\u0644\u0645\u062a\u0641\u0642 \u0639\u0644\u064a\u0647\u0645\u0627\u060c \u0646\u0638\u064a\u0641\u0629 \u0648\u062c\u0627\u0647\u0632\u0629 \u0644\u0644\u0627\u0633\u062a\u062e\u062f\u0627\u0645.<br data-start=\"2875\" data-end=\"2878\" \/>9.2 \u0644\u0627 \u064a\u062a\u062d\u0645\u0644 \u0627\u0644\u0628\u0627\u0626\u0639 \u0645\u0633\u0624\u0648\u0644\u064a\u0629 \u0627\u0644\u062d\u0648\u0627\u062f\u062b \u0623\u0648 \u0627\u0644\u0623\u0645\u0631\u0627\u0636 \u0623\u0648 \u0627\u0644\u0633\u0631\u0642\u0629 \u0623\u0648 \u0623\u064a \u0623\u062d\u062f\u0627\u062b \u0645\u0634\u0627\u0628\u0647\u0629 \u062a\u0642\u0639 \u062f\u0627\u062e\u0644 \u0627\u0644\u0641\u064a\u0644\u0627.<\/p>\n<p data-start=\"2974\" data-end=\"3231\"><strong data-start=\"2974\" data-end=\"3005\">\u0627\u0644\u0645\u0627\u062f\u0629 10 \/ \u0627\u0644\u062a\u0632\u0627\u0645\u0627\u062a \u0627\u0644\u0639\u0645\u064a\u0644<\/strong><br data-start=\"3005\" data-end=\"3008\" \/>10.1 \u064a\u0644\u062a\u0632\u0645 \u0627\u0644\u0639\u0645\u064a\u0644 \u0628\u0625\u0628\u0644\u0627\u063a \u0627\u0644\u0628\u0627\u0626\u0639 \u0639\u0646 \u0623\u064a \u0623\u0636\u0631\u0627\u0631 \u062a\u062d\u062f\u062b \u0641\u064a \u0627\u0644\u0641\u064a\u0644\u0627 \u0648\u062a\u0639\u0648\u064a\u0636\u0647\u0627.<br data-start=\"3076\" data-end=\"3079\" \/>10.2 \u064a\u062c\u0628 \u0627\u0644\u0627\u0644\u062a\u0632\u0627\u0645 \u0628\u0627\u0644\u0642\u0648\u0627\u0639\u062f \u0627\u0644\u0627\u062c\u062a\u0645\u0627\u0639\u064a\u0629 \u0648\u0627\u0644\u0623\u062e\u0644\u0627\u0642\u064a\u0629 \u062f\u0627\u062e\u0644 \u0627\u0644\u0641\u064a\u0644\u0627 \u0648\u062d\u0648\u0644\u0647\u0627.<br data-start=\"3147\" data-end=\"3150\" \/>10.3 \u0623\u064a \u0625\u0632\u0639\u0627\u062c \u0646\u0627\u062a\u062c \u0639\u0646 \u0627\u0644\u0638\u0631\u0648\u0641 \u0627\u0644\u062a\u0642\u0646\u064a\u0629 \u0623\u0648 \u0627\u0644\u0628\u064a\u0626\u064a\u0629 \u0644\u0644\u0641\u064a\u0644\u0627 \u064a\u0643\u0648\u0646 \u062a\u062d\u062a \u0645\u0633\u0624\u0648\u0644\u064a\u0629 \u0627\u0644\u0639\u0645\u064a\u0644.<\/p>\n<p data-start=\"3233\" data-end=\"3453\"><strong data-start=\"3233\" data-end=\"3262\">\u0627\u0644\u0645\u0627\u062f\u0629 11 \/ \u0627\u0644\u0642\u0648\u0629 \u0627\u0644\u0642\u0627\u0647\u0631\u0629<\/strong><br data-start=\"3262\" data-end=\"3265\" \/>11.1 \u062a\u064f\u0639\u062a\u0628\u0631 \u0627\u0644\u062d\u0631\u0628\u060c \u0627\u0644\u0625\u0636\u0631\u0627\u0628\u060c \u0627\u0644\u0643\u0648\u0627\u0631\u062b \u0627\u0644\u0637\u0628\u064a\u0639\u064a\u0629\u060c \u0627\u0644\u0623\u0648\u0628\u0626\u0629\u060c \u0627\u0644\u0642\u064a\u0648\u062f \u0627\u0644\u0639\u0627\u0645\u0629\u060c \u0625\u0644\u062e \u0645\u0646 \u062d\u0627\u0644\u0627\u062a \u0627\u0644\u0642\u0648\u0629 \u0627\u0644\u0642\u0627\u0647\u0631\u0629.<br data-start=\"3362\" data-end=\"3365\" \/>11.2 \u0641\u064a \u062d\u0627\u0644\u0629 \u0627\u0644\u0625\u0644\u063a\u0627\u0621 \u0628\u0633\u0628\u0628 \u0627\u0644\u0642\u0648\u0629 \u0627\u0644\u0642\u0627\u0647\u0631\u0629\u060c \u064a\u062a\u0645 \u0631\u062f \u0627\u0644\u0645\u0628\u0627\u0644\u063a \u0627\u0644\u0645\u062f\u0641\u0648\u0639\u0629 \u0644\u0644\u0639\u0645\u064a\u0644 \u062f\u0648\u0646 \u0623\u064a \u062e\u0635\u0648\u0645\u0627\u062a.<\/p>\n<p data-start=\"3455\" data-end=\"3632\"><strong data-start=\"3455\" data-end=\"3482\">\u0627\u0644\u0645\u0627\u062f\u0629 12 \/ \u062d\u0642 \u0627\u0644\u0627\u0646\u0633\u062d\u0627\u0628<\/strong><br data-start=\"3482\" data-end=\"3485\" \/>12.1 \u0648\u0641\u0642\u064b\u0627 \u0644\u0644\u0627\u0626\u062d\u0629 \u0627\u0644\u0639\u0642\u0648\u062f \u0639\u0646 \u0628\u064f\u0639\u062f \u0627\u0644\u0645\u0646\u0634\u0648\u0631\u0629 \u0641\u064a \u0627\u0644\u062c\u0631\u064a\u062f\u0629 \u0627\u0644\u0631\u0633\u0645\u064a\u0629 \u0628\u062a\u0627\u0631\u064a\u062e 27 \u0646\u0648\u0641\u0645\u0628\u0631 2014 \u0648\u0631\u0642\u0645 29188\u060c \u0644\u0627 \u064a\u0645\u0643\u0646 \u0645\u0645\u0627\u0631\u0633\u0629 \u062d\u0642 \u0627\u0644\u0627\u0646\u0633\u062d\u0627\u0628 \u0628\u0627\u0644\u0646\u0633\u0628\u0629 \u0644\u062e\u062f\u0645\u0627\u062a \u0627\u0644\u0625\u0642\u0627\u0645\u0629.<\/p>\n<p data-start=\"3634\" data-end=\"3867\"><strong data-start=\"3634\" data-end=\"3664\">\u0627\u0644\u0645\u0627\u062f\u0629 13 \/ \u062a\u0633\u0648\u064a\u0629 \u0627\u0644\u0646\u0632\u0627\u0639\u0627\u062a<\/strong><br data-start=\"3664\" data-end=\"3667\" \/>13.1 \u062a\u0643\u0648\u0646 \u0644\u062c\u0627\u0646 \u0627\u0644\u062a\u062d\u0643\u064a\u0645 \u0627\u0644\u0627\u0633\u062a\u0647\u0644\u0627\u0643\u064a\u0629 \u0648\u0627\u0644\u0645\u062d\u0627\u0643\u0645 \u0627\u0644\u0627\u0633\u062a\u0647\u0644\u0627\u0643\u064a\u0629 \u0647\u064a \u0627\u0644\u0645\u062e\u062a\u0635\u0629 \u0641\u064a \u062d\u0627\u0644\u0629 \u0627\u0644\u0646\u0632\u0627\u0639\u0627\u062a \u0627\u0644\u0646\u0627\u0634\u0626\u0629 \u0639\u0646 \u0647\u0630\u0627 \u0627\u0644\u0639\u0642\u062f.<br data-start=\"3772\" data-end=\"3775\" \/>13.2 \u0641\u064a \u0627\u0644\u0646\u0632\u0627\u0639\u0627\u062a \u0628\u064a\u0646 \u0627\u0644\u0637\u0631\u0641\u064a\u0646\u060c \u062a\u0643\u0648\u0646 \u0645\u062d\u0627\u0643\u0645 \u0648\u0625\u062f\u0627\u0631\u0627\u062a \u062a\u0646\u0641\u064a\u0630 \u0627\u0644\u0623\u062d\u0643\u0627\u0645 \u0641\u064a \u0633\u0643\u0627\u0631\u064a\u0627 \u0647\u064a \u0627\u0644\u062c\u0647\u0629 \u0627\u0644\u0645\u062e\u062a\u0635\u0629.<\/p>\n<p data-start=\"3869\" data-end=\"4037\">\u0648\u0628\u0642\u064a\u0627\u0645 \u0627\u0644\u0639\u0645\u064a\u0644 \u0628\u062d\u062c\u0632 \u0623\u064a \u0641\u064a\u0644\u0627 \u0645\u0642\u062f\u0645\u0629 \u0645\u0646 \u0634\u0631\u0643\u0629 <strong data-start=\"3910\" data-end=\"3974\">ENTER \u0130STANBUL GAYR\u0130MEN.PAZ.DI\u015e.T\u0130C.LTD.\u015eT\u0130. (Nevras Resort)<\/strong>\u060c \u064a\u064f\u0639\u062a\u0628\u0631 \u0642\u062f \u0648\u0627\u0641\u0642 \u0645\u0633\u0628\u0642\u064b\u0627 \u0639\u0644\u0649 \u062c\u0645\u064a\u0639 \u0627\u0644\u0634\u0631\u0648\u0637 \u0627\u0644\u0648\u0627\u0631\u062f\u0629 \u0641\u064a \u0647\u0630\u0627 \u0627\u0644\u0639\u0642\u062f.<\/p>\n\t\t\t\t\t\t\t\t<\/div>\n\t\t\t\t<\/div>\n\t\t\t\t\t<\/div>\n\t\t<\/div>\n\t\t\t\t\t<\/div>\n\t\t<\/section>\n\t\t\t\t<\/div>\n\t\t","protected":false},"excerpt":{"rendered":"<p>\u0627\u0644\u0645\u0627\u062f\u0629 1 \/ \u0627\u0644\u0623\u0637\u0631\u0627\u06411.1 \u0623\u064f\u0628\u0631\u0645 \u0647\u0630\u0627 \u0627\u0644\u0639\u0642\u062f \u0628\u064a\u0646 \u0634\u0631\u0643\u0629 ENTER \u0130STANBUL GAYR\u0130MEN.PAZ.DI\u015e.T\u0130C.LTD.\u015eT\u0130. (Nevras Resort) \u0627\u0644\u0643\u0627\u0626\u0646\u0629 \u0641\u064a (G\u00fcldibi, Dilekli Cd. No:75,<\/p>\n","protected":false},"author":11,"featured_media":0,"parent":0,"menu_order":0,"comment_status":"closed","ping_status":"closed","template":"","meta":{"footnotes":""},"class_list":["post-13359","page","type-page","status-publish","hentry"],"_links":{"self":[{"href":"https:\/\/nevrasresort.com\/ar\/wp-json\/wp\/v2\/pages\/13359","targetHints":{"allow":["GET"]}}],"collection":[{"href":"https:\/\/nevrasresort.com\/ar\/wp-json\/wp\/v2\/pages"}],"about":[{"href":"https:\/\/nevrasresort.com\/ar\/wp-json\/wp\/v2\/types\/page"}],"author":[{"embeddable":true,"href":"https:\/\/nevrasresort.com\/ar\/wp-json\/wp\/v2\/users\/11"}],"replies":[{"embeddable":true,"href":"https:\/\/nevrasresort.com\/ar\/wp-json\/wp\/v2\/comments?post=13359"}],"version-history":[{"count":5,"href":"https:\/\/nevrasresort.com\/ar\/wp-json\/wp\/v2\/pages\/13359\/revisions"}],"predecessor-version":[{"id":13368,"href":"https:\/\/nevrasresort.com\/ar\/wp-json\/wp\/v2\/pages\/13359\/revisions\/13368"}],"wp:attachment":[{"href":"https:\/\/nevrasresort.com\/ar\/wp-json\/wp\/v2\/media?parent=13359"}],"curies":[{"name":"wp","href":"https:\/\/api.w.org\/{rel}","templated":true}]}}