{"id":13341,"date":"2025-09-26T15:56:08","date_gmt":"2025-09-26T15:56:08","guid":{"rendered":"https:\/\/nevrasresort.com\/?page_id=13341"},"modified":"2025-09-27T08:44:01","modified_gmt":"2025-09-27T08:44:01","slug":"%d8%b3%d9%8a%d8%a7%d8%b3%d8%a9-%d8%a7%d9%84%d8%ae%d8%b5%d9%88%d8%b5%d9%8a%d8%a9","status":"publish","type":"page","link":"https:\/\/nevrasresort.com\/ar\/%d8%b3%d9%8a%d8%a7%d8%b3%d8%a9-%d8%a7%d9%84%d8%ae%d8%b5%d9%88%d8%b5%d9%8a%d8%a9\/","title":{"rendered":"\u0633\u064a\u0627\u0633\u0629 \u0627\u0644\u062e\u0635\u0648\u0635\u064a\u0629"},"content":{"rendered":"\t\t<div data-elementor-type=\"wp-page\" data-elementor-id=\"13341\" class=\"elementor elementor-13341 elementor-13340\">\n\t\t\t\t\t\t<section class=\"elementor-section elementor-top-section elementor-element elementor-element-6ffce02a elementor-section-boxed elementor-section-height-default elementor-section-height-default wd-section-disabled\" data-id=\"6ffce02a\" data-element_type=\"section\">\n\t\t\t\t\t\t<div class=\"elementor-container elementor-column-gap-default\">\n\t\t\t\t\t<div class=\"elementor-column elementor-col-100 elementor-top-column elementor-element elementor-element-4afc575\" data-id=\"4afc575\" data-element_type=\"column\">\n\t\t\t<div class=\"elementor-widget-wrap elementor-element-populated\">\n\t\t\t\t\t\t<div class=\"elementor-element elementor-element-71cae62 color-scheme-inherit text-left elementor-widget elementor-widget-text-editor\" data-id=\"71cae62\" data-element_type=\"widget\" data-widget_type=\"text-editor.default\">\n\t\t\t\t<div class=\"elementor-widget-container\">\n\t\t\t<style>\/*! elementor - v3.20.0 - 26-03-2024 *\/\n.elementor-widget-text-editor.elementor-drop-cap-view-stacked .elementor-drop-cap{background-color:#69727d;color:#fff}.elementor-widget-text-editor.elementor-drop-cap-view-framed .elementor-drop-cap{color:#69727d;border:3px solid;background-color:transparent}.elementor-widget-text-editor:not(.elementor-drop-cap-view-default) .elementor-drop-cap{margin-top:8px}.elementor-widget-text-editor:not(.elementor-drop-cap-view-default) .elementor-drop-cap-letter{width:1em;height:1em}.elementor-widget-text-editor .elementor-drop-cap{float:left;text-align:center;line-height:1;font-size:50px}.elementor-widget-text-editor .elementor-drop-cap-letter{display:inline-block}<\/style>\t\t\t\t<!-- wp:heading {\"translatedWithWPMLTM\":\"1\"} -->\n<p data-start=\"93\" data-end=\"120\"><strong data-start=\"93\" data-end=\"118\">\u0634\u0631\u0648\u0637 \u0627\u0644\u062e\u0635\u0648\u0635\u064a\u0629 \u0648\u0627\u0644\u0623\u0645\u0627\u0646<\/strong><\/p>\n<p data-start=\"122\" data-end=\"484\">\u064a\u064f\u0642\u062f\u0651\u0650\u0631 \u0645\u0648\u0642\u0639 <a class=\"decorated-link\" href=\"https:\/\/nevrasresort.com\/\" target=\"_new\" rel=\"noopener\" data-start=\"135\" data-end=\"189\">https:\/\/nevrasresort.com\/<\/a> \u062e\u0635\u0648\u0635\u064a\u0629 \u0648\u0623\u0645\u0627\u0646 \u0627\u0644\u0645\u0639\u0644\u0648\u0645\u0627\u062a \u0627\u0644\u0634\u062e\u0635\u064a\u0629 \u0644\u0645\u0633\u062a\u062e\u062f\u0645\u064a\u0647\u060c \u0648\u064a\u062d\u0631\u0635 \u0639\u0644\u0649 \u0628\u0630\u0644 \u0623\u0642\u0635\u0649 \u0627\u0644\u062c\u0647\u0648\u062f \u0644\u062d\u0645\u0627\u064a\u0629 \u0647\u0630\u0647 \u0627\u0644\u0645\u0639\u0644\u0648\u0645\u0627\u062a. \u062a\u0648\u0636\u062d \u0647\u0630\u0647 \u0627\u0644\u0634\u0631\u0648\u0637 \u0643\u064a\u0641\u064a\u0629 \u062c\u0645\u0639 \u0648\u0627\u0633\u062a\u062e\u062f\u0627\u0645 \u0648\u062d\u0645\u0627\u064a\u0629 \u0648\u0645\u0639\u0627\u0644\u062c\u0629 \u0627\u0644\u0628\u064a\u0627\u0646\u0627\u062a \u0627\u0644\u0634\u062e\u0635\u064a\u0629 \u0627\u0644\u062a\u064a \u062a\u0642\u062f\u0645\u0648\u0646\u0647\u0627 \u0623\u062b\u0646\u0627\u0621 \u0625\u062c\u0631\u0627\u0621 \u0627\u0644\u062d\u062c\u0648\u0632\u0627\u062a \u0623\u0648 \u0627\u0644\u062a\u0648\u0627\u0635\u0644 \u0623\u0648 \u063a\u064a\u0631\u0647\u0627 \u0645\u0646 \u0627\u0644\u0639\u0645\u0644\u064a\u0627\u062a \u0645\u0646 \u062e\u0644\u0627\u0644 \u0645\u0648\u0642\u0639 <a class=\"decorated-link\" href=\"https:\/\/nevrasresort.com\/\" target=\"_new\" rel=\"noopener\" data-start=\"427\" data-end=\"481\">https:\/\/nevrasresort.com\/<\/a>.<\/p>\n<p data-start=\"486\" data-end=\"731\">\u0628\u0627\u0633\u062a\u062e\u062f\u0627\u0645\u0643\u0645 \u0644\u0645\u0648\u0642\u0639\u0646\u0627\u060c \u0641\u0625\u0646\u0643\u0645 \u062a\u0648\u0627\u0641\u0642\u0648\u0646 \u0639\u0644\u0649 \u0627\u0644\u0627\u0644\u062a\u0632\u0627\u0645 \u0628\u0647\u0630\u0647 \u0627\u0644\u0634\u0631\u0648\u0637 \u0648\u062a\u064f\u0642\u0631\u0651\u0648\u0646 \u0628\u0623\u0646\u0643\u0645 \u062a\u0645\u0646\u062d\u0648\u0646 \u0645\u0648\u0627\u0641\u0642\u062a\u0643\u0645 \u0639\u0644\u0649 \u0645\u0634\u0627\u0631\u0643\u0629 \u0627\u0644\u0645\u0639\u0644\u0648\u0645\u0627\u062a \u0648\u0641\u0642\u064b\u0627 \u0644\u0647\u0630\u0647 \u0627\u0644\u0633\u064a\u0627\u0633\u0627\u062a \u0623\u062b\u0646\u0627\u0621 \u0627\u0644\u0627\u0633\u062a\u0641\u0627\u062f\u0629 \u0645\u0646 \u0627\u0644\u062e\u062f\u0645\u0627\u062a \u0627\u0644\u0645\u0642\u062f\u0645\u0629 \u0645\u0646 \u0642\u0628\u0644 <strong data-start=\"659\" data-end=\"728\">\u0634\u0631\u0643\u0629 ENTER \u0130STANBUL GAYR\u0130MEN.PAZ.DI\u015e.T\u0130C.LTD.\u015eT\u0130. (Nevras Resort)<\/strong>.<\/p>\n<h3 data-start=\"733\" data-end=\"766\">1. \u062c\u0645\u0639 \u0627\u0644\u0645\u0639\u0644\u0648\u0645\u0627\u062a \u0648\u0627\u0633\u062a\u062e\u062f\u0627\u0645\u0647\u0627<\/h3>\n<p data-start=\"767\" data-end=\"895\">\u0642\u062f \u062a\u0637\u0644\u0628 \u0648\u062a\u062c\u0645\u0639 \u0634\u0631\u0643\u0629 <strong data-start=\"786\" data-end=\"850\">ENTER \u0130STANBUL GAYR\u0130MEN.PAZ.DI\u015e.T\u0130C.LTD.\u015eT\u0130. (Nevras Resort)<\/strong> \u0628\u0639\u0636 \u0627\u0644\u0628\u064a\u0627\u0646\u0627\u062a \u0627\u0644\u0634\u062e\u0635\u064a\u0629 \u0645\u0646\u0643\u0645 \u0644\u0644\u0623\u063a\u0631\u0627\u0636 \u0627\u0644\u062a\u0627\u0644\u064a\u0629:<\/p>\n<ul data-start=\"897\" data-end=\"1116\">\n<li data-start=\"897\" data-end=\"926\">\n<p data-start=\"899\" data-end=\"926\">\u062a\u0646\u0641\u064a\u0630 \u0648\u0625\u062f\u0627\u0631\u0629 \u0639\u0645\u0644\u064a\u0627\u062a \u0627\u0644\u062d\u062c\u0632<\/p>\n<\/li>\n<li data-start=\"927\" data-end=\"983\">\n<p data-start=\"929\" data-end=\"983\">\u0627\u0644\u062a\u062d\u0642\u0642 \u0645\u0646 \u0627\u0644\u0647\u0648\u064a\u0629\u060c \u0648\u0625\u0646\u0634\u0627\u0621 \u062d\u0633\u0627\u0628 \u0627\u0644\u0645\u0633\u062a\u062e\u062f\u0645 \u0648\u062a\u0633\u062c\u064a\u0644 \u0627\u0644\u062f\u062e\u0648\u0644<\/p>\n<\/li>\n<li data-start=\"984\" data-end=\"1027\">\n<p data-start=\"986\" data-end=\"1027\">\u062a\u062d\u0633\u064a\u0646 \u062a\u062c\u0631\u0628\u0629 \u0627\u0644\u0645\u0633\u062a\u062e\u062f\u0645 \u0648\u062a\u0642\u062f\u064a\u0645 \u062e\u062f\u0645\u0627\u062a \u0627\u0644\u062f\u0639\u0645<\/p>\n<\/li>\n<li data-start=\"1028\" data-end=\"1071\">\n<p data-start=\"1030\" data-end=\"1071\">\u0625\u062c\u0631\u0627\u0621 \u0627\u0644\u062a\u062d\u0644\u064a\u0644\u0627\u062a \u0627\u0644\u0625\u062d\u0635\u0627\u0626\u064a\u0629 \u0648\u062a\u062d\u0633\u064a\u0646 \u0627\u0644\u0646\u0638\u0627\u0645<\/p>\n<\/li>\n<li data-start=\"1072\" data-end=\"1116\">\n<p data-start=\"1074\" data-end=\"1116\">\u0625\u0631\u0633\u0627\u0644 \u0627\u0644\u062d\u0645\u0644\u0627\u062a \u0648\u0627\u0644\u0639\u0631\u0648\u0636 \u0648\u0645\u062d\u062a\u0648\u064a\u0627\u062a \u0627\u0644\u0625\u0634\u0639\u0627\u0631\u0627\u062a<\/p>\n<\/li>\n<\/ul>\n<p data-start=\"1118\" data-end=\"1321\">\u062a\u0634\u0645\u0644 \u0627\u0644\u0645\u0639\u0644\u0648\u0645\u0627\u062a \u0627\u0644\u062a\u064a \u064a\u062a\u0645 \u062c\u0645\u0639\u0647\u0627: \u0627\u0644\u0627\u0633\u0645\u060c \u0627\u0644\u0644\u0642\u0628\u060c \u0628\u064a\u0627\u0646\u0627\u062a \u0627\u0644\u0627\u062a\u0635\u0627\u0644 (\u0631\u0642\u0645 \u0627\u0644\u0647\u0627\u062a\u0641\u060c \u0627\u0644\u0628\u0631\u064a\u062f \u0627\u0644\u0625\u0644\u0643\u062a\u0631\u0648\u0646\u064a)\u060c \u0628\u064a\u0627\u0646\u0627\u062a \u0627\u0644\u0647\u0648\u064a\u0629\u060c \u0627\u0644\u0639\u0646\u0648\u0627\u0646\u060c \u062a\u0641\u0627\u0635\u064a\u0644 \u0627\u0644\u062d\u062c\u0632\u060c \u0648\u0645\u0639\u0644\u0648\u0645\u0627\u062a \u0627\u0644\u062f\u0641\u0639 (\u0631\u0642\u0645 \u0627\u0644\u0628\u0637\u0627\u0642\u0629 \u0627\u0644\u0627\u0626\u062a\u0645\u0627\u0646\u064a\u0629\u060c \u062a\u0627\u0631\u064a\u062e \u0627\u0644\u0627\u0646\u062a\u0647\u0627\u0621\u060c \u0631\u0645\u0632 CVV\u060c \u0625\u0644\u062e).<\/p>\n<h3 data-start=\"1323\" data-end=\"1345\">2. \u0623\u0645\u0646 \u0627\u0644\u0645\u0639\u0644\u0648\u0645\u0627\u062a<\/h3>\n<p data-start=\"1346\" data-end=\"1531\">\u062a\u062a\u062e\u0630 \u0634\u0631\u0643\u0629 <strong data-start=\"1356\" data-end=\"1373\">Nevras Resort<\/strong> \u062c\u0645\u064a\u0639 \u0627\u0644\u062a\u062f\u0627\u0628\u064a\u0631 \u0627\u0644\u0623\u0645\u0646\u064a\u0629 \u0627\u0644\u062a\u0642\u0646\u064a\u0629 \u0648\u0627\u0644\u0625\u062f\u0627\u0631\u064a\u0629 \u0627\u0644\u0644\u0627\u0632\u0645\u0629 \u0644\u062d\u0645\u0627\u064a\u0629 \u0627\u0644\u0628\u064a\u0627\u0646\u0627\u062a \u0627\u0644\u0634\u062e\u0635\u064a\u0629 \u0648\u0627\u0644\u0645\u0627\u0644\u064a\u0629 \u0644\u0644\u0645\u0633\u062a\u062e\u062f\u0645\u064a\u0646. \u062c\u0645\u064a\u0639 \u0639\u0645\u0644\u064a\u0627\u062a \u0627\u0644\u062f\u0641\u0639 \u0645\u062d\u0645\u064a\u0629 \u0628\u0627\u0633\u062a\u062e\u062f\u0627\u0645 \u0628\u0631\u0648\u062a\u0648\u0643\u0648\u0644 \u0627\u0644\u0623\u0645\u0627\u0646 SSL (128 \u0628\u062a).<\/p>\n<p data-start=\"1533\" data-end=\"1711\">\u064a\u062a\u0645 \u062a\u0648\u062c\u064a\u0647 \u0645\u0639\u0644\u0648\u0645\u0627\u062a \u0627\u0644\u0628\u0637\u0627\u0642\u0629 \u0627\u0644\u0627\u0626\u062a\u0645\u0627\u0646\u064a\u0629 \u0625\u0644\u0649 \u0627\u0644\u0628\u0646\u0643 \u0639\u0628\u0631 \u0646\u0638\u0627\u0645 <strong data-start=\"1589\" data-end=\"1602\">3D Secure<\/strong> \u062d\u0633\u0628 \u062a\u0641\u0636\u064a\u0644\u0643\u0645. \u0647\u0630\u0647 \u0627\u0644\u0645\u0639\u0644\u0648\u0645\u0627\u062a \u0644\u0627 \u064a\u062a\u0645 \u062a\u0633\u062c\u064a\u0644\u0647\u0627 \u0623\u0648 \u0639\u0631\u0636\u0647\u0627 \u0623\u0648 \u0645\u0634\u0627\u0631\u0643\u062a\u0647\u0627 \u0645\u0639 \u0623\u064a \u0637\u0631\u0641 \u062b\u0627\u0644\u062b \u0639\u0644\u0649 \u062e\u0648\u0627\u062f\u0645 <strong data-start=\"1691\" data-end=\"1708\">Nevras Resort<\/strong>.<\/p>\n<h3 data-start=\"1713\" data-end=\"1763\">3. \u0639\u0646\u0627\u0648\u064a\u0646 IP \u0648\u0645\u0644\u0641\u0627\u062a \u062a\u0639\u0631\u064a\u0641 \u0627\u0644\u0627\u0631\u062a\u0628\u0627\u0637 (Cookies)<\/h3>\n<p data-start=\"1764\" data-end=\"1976\">\u0642\u062f \u064a\u062a\u0645 \u062a\u0633\u062c\u064a\u0644 \u0639\u0646\u0627\u0648\u064a\u0646 \u0627\u0644\u0640 IP \u0644\u0623\u063a\u0631\u0627\u0636 \u062d\u0644 \u0627\u0644\u0623\u062e\u0637\u0627\u0621 \u0627\u0644\u0646\u0638\u0627\u0645\u064a\u0629\u060c \u0648\u0627\u0643\u062a\u0634\u0627\u0641 \u0627\u0644\u0627\u0633\u062a\u062e\u062f\u0627\u0645\u0627\u062a \u063a\u064a\u0631 \u0627\u0644\u0645\u0634\u0631\u0648\u0639\u0629\u060c \u0648\u062a\u062d\u0644\u064a\u0644 \u0633\u0644\u0648\u0643 \u0627\u0644\u0645\u0633\u062a\u062e\u062f\u0645. \u0643\u0645\u0627 \u0642\u062f \u064a\u062a\u0645 \u0627\u0633\u062a\u062e\u062f\u0627\u0645 \u0628\u064a\u0627\u0646\u0627\u062a \u0627\u0644\u062c\u0647\u0627\u0632 \u0648\u0627\u0644\u0645\u062a\u0635\u0641\u062d \u0648\u0645\u0644\u0641\u0627\u062a \u062a\u0639\u0631\u064a\u0641 \u0627\u0644\u0627\u0631\u062a\u0628\u0627\u0637 \u0644\u062a\u062d\u0633\u064a\u0646 \u062a\u062c\u0631\u0628\u0629 \u0627\u0644\u0645\u0633\u062a\u062e\u062f\u0645 \u0648\u0636\u0645\u0627\u0646 \u0627\u0644\u0623\u0645\u0627\u0646.<\/p>\n<h3 data-start=\"1978\" data-end=\"2005\">4. \u0627\u0644\u0627\u062a\u0635\u0627\u0644 \u0648\u0627\u0644\u0625\u0634\u0639\u0627\u0631\u0627\u062a<\/h3>\n<p data-start=\"2006\" data-end=\"2248\">\u0628\u0639\u062f \u0625\u062a\u0645\u0627\u0645 \u0639\u0645\u0644\u064a\u0629 \u0627\u0644\u062a\u0633\u062c\u064a\u0644\u060c \u0642\u062f \u062a\u0642\u0648\u0645 \u0634\u0631\u0643\u0629 <strong data-start=\"2044\" data-end=\"2061\">Nevras Resort<\/strong> \u0628\u0627\u0644\u062a\u0648\u0627\u0635\u0644 \u0645\u0639 \u0645\u0633\u062a\u062e\u062f\u0645\u064a\u0647\u0627 \u0639\u0628\u0631 \u0627\u0644\u0628\u0631\u064a\u062f \u0627\u0644\u0625\u0644\u0643\u062a\u0631\u0648\u0646\u064a \u0623\u0648 \u0627\u0644\u0631\u0633\u0627\u0626\u0644 \u0627\u0644\u0646\u0635\u064a\u0629 (SMS). \u0648\u062a\u0634\u0645\u0644 \u0647\u0630\u0647 \u0627\u0644\u0625\u0634\u0639\u0627\u0631\u0627\u062a: \u062a\u0623\u0643\u064a\u062f \u0627\u0644\u062d\u062c\u0632\u060c \u0625\u0639\u0644\u0627\u0646\u0627\u062a \u0627\u0644\u062d\u0645\u0644\u0627\u062a\u060c \u0648\u0639\u0631\u0648\u0636 \u0627\u0644\u062e\u062f\u0645\u0627\u062a \u0627\u0644\u062c\u062f\u064a\u062f\u0629. \u064a\u0645\u0643\u0646 \u0644\u0644\u0645\u0633\u062a\u062e\u062f\u0645\u064a\u0646 \u0625\u0644\u063a\u0627\u0621 \u0627\u0644\u0627\u0634\u062a\u0631\u0627\u0643 \u0641\u064a \u0623\u064a \u0648\u0642\u062a.<\/p>\n<h3 data-start=\"2250\" data-end=\"2275\">5. \u0645\u0634\u0627\u0631\u0643\u0629 \u0627\u0644\u0645\u0639\u0644\u0648\u0645\u0627\u062a<\/h3>\n<p data-start=\"2276\" data-end=\"2347\">\u0644\u0627 \u062a\u062a\u0645 \u0645\u0634\u0627\u0631\u0643\u0629 \u0627\u0644\u0628\u064a\u0627\u0646\u0627\u062a \u0627\u0644\u0645\u062c\u0645\u0639\u0629 \u0645\u0639 \u0623\u064a \u0637\u0631\u0641 \u062b\u0627\u0644\u062b \u0625\u0644\u0627 \u0641\u064a \u0627\u0644\u062d\u0627\u0644\u0627\u062a \u0627\u0644\u062a\u0627\u0644\u064a\u0629:<\/p>\n<ul data-start=\"2349\" data-end=\"2529\">\n<li data-start=\"2349\" data-end=\"2408\">\n<p data-start=\"2351\" data-end=\"2408\">\u0625\u0630\u0627 \u0643\u0627\u0646 \u0647\u0646\u0627\u0643 \u0627\u0644\u062a\u0632\u0627\u0645 \u0642\u0627\u0646\u0648\u0646\u064a \u0628\u0645\u0634\u0627\u0631\u0643\u062a\u0647\u0627 \u0645\u0639 \u0627\u0644\u0633\u0644\u0637\u0627\u062a \u0627\u0644\u0631\u0633\u0645\u064a\u0629<\/p>\n<\/li>\n<li data-start=\"2409\" data-end=\"2485\">\n<p data-start=\"2411\" data-end=\"2485\">\u0639\u0646\u062f \u0627\u0644\u0636\u0631\u0648\u0631\u0629 \u0644\u062a\u0642\u062f\u064a\u0645 \u0627\u0644\u062e\u062f\u0645\u0627\u062a \u0645\u0639 \u0627\u0644\u0645\u0648\u0631\u0651\u062f\u064a\u0646 \u0623\u0648 \u0627\u0644\u0634\u0631\u0643\u0627\u0621 \u0623\u0648 \u0645\u0632\u0648\u0651\u062f\u064a \u062e\u062f\u0645\u0627\u062a \u0627\u0644\u062f\u0641\u0639<\/p>\n<\/li>\n<li data-start=\"2486\" data-end=\"2529\">\n<p data-start=\"2488\" data-end=\"2529\">\u0628\u0639\u062f \u0627\u0644\u062d\u0635\u0648\u0644 \u0639\u0644\u0649 \u0645\u0648\u0627\u0641\u0642\u0629 \u0635\u0631\u064a\u062d\u0629 \u0645\u0646 \u0627\u0644\u0645\u0633\u062a\u062e\u062f\u0645<\/p>\n<\/li>\n<\/ul>\n<h3 data-start=\"2531\" data-end=\"2550\">6. \u062d\u0642 \u0627\u0644\u062a\u0639\u062f\u064a\u0644<\/h3>\n<p data-start=\"2551\" data-end=\"2790\">\u062a\u062d\u062a\u0641\u0638 <strong data-start=\"2557\" data-end=\"2574\">Nevras Resort<\/strong> \u0628\u062d\u0642\u0647\u0627 \u0641\u064a \u062a\u062d\u062f\u064a\u062b \u0634\u0631\u0648\u0637 \u0627\u0644\u062e\u0635\u0648\u0635\u064a\u0629 \u0648\u0627\u0644\u0623\u0645\u0627\u0646 \u0641\u064a \u0623\u064a \u0648\u0642\u062a. \u0648\u062a\u0635\u0628\u062d \u0627\u0644\u0633\u064a\u0627\u0633\u0627\u062a \u0627\u0644\u062c\u062f\u064a\u062f\u0629 \u0646\u0627\u0641\u0630\u0629 \u0628\u0645\u062c\u0631\u062f \u0646\u0634\u0631\u0647\u0627 \u0639\u0644\u0649 \u0645\u0648\u0642\u0639 <a class=\"decorated-link\" href=\"https:\/\/nevrasresort.com\/\" target=\"_new\" rel=\"noopener\" data-start=\"2673\" data-end=\"2727\">https:\/\/nevrasresort.com\/<\/a>. \u064a\u064f\u0646\u0635\u062d \u0627\u0644\u0645\u0633\u062a\u062e\u062f\u0645\u0648\u0646 \u0628\u0632\u064a\u0627\u0631\u0629 \u0627\u0644\u0635\u0641\u062d\u0629 \u0628\u0634\u0643\u0644 \u062f\u0648\u0631\u064a \u0644\u0645\u062a\u0627\u0628\u0639\u0629 \u0627\u0644\u062a\u063a\u064a\u064a\u0631\u0627\u062a.<\/p>\n<h3 data-start=\"2792\" data-end=\"2827\">7. \u0627\u0644\u062a\u0648\u0627\u0635\u0644 \u0628\u0634\u0623\u0646 \u0634\u0631\u0648\u0637 \u0627\u0644\u062e\u0635\u0648\u0635\u064a\u0629<\/h3>\n<p data-start=\"2828\" data-end=\"2917\">\u0644\u062c\u0645\u064a\u0639 \u0627\u0633\u062a\u0641\u0633\u0627\u0631\u0627\u062a\u0643\u0645 \u0648\u0637\u0644\u0628\u0627\u062a\u0643\u0645 \u0627\u0644\u0645\u062a\u0639\u0644\u0642\u0629 \u0628\u0627\u0644\u062e\u0635\u0648\u0635\u064a\u0629\u060c \u064a\u0645\u0643\u0646\u0643\u0645 \u0627\u0644\u062a\u0648\u0627\u0635\u0644 \u0645\u0639\u0646\u0627 \u0639\u0628\u0631 \u0627\u0644\u0642\u0646\u0648\u0627\u062a \u0627\u0644\u062a\u0627\u0644\u064a\u0629:<\/p>\n<p data-start=\"2919\" data-end=\"3145\"><strong data-start=\"2919\" data-end=\"2983\">ENTER \u0130STANBUL GAYR\u0130MEN.PAZ.DI\u015e.T\u0130C.LTD.\u015eT\u0130. (Nevras Resort)<\/strong><br data-start=\"2983\" data-end=\"2986\" \/>\ud83d\udccd \u063a\u0648\u0644\u062f\u0628\u064a\u060c \u0634\u0627\u0631\u0639 \u062f\u064a\u0644\u064a\u0643\u0644\u064a \u0631\u0642\u0645: 75\u060c 54600 \u0635\u0628\u0646\u062c\u0629\/\u0633\u0642\u0627\u0631\u064a\u0627<br data-start=\"3037\" data-end=\"3040\" \/>\ud83d\udcde 0850 500 0054<br data-start=\"3056\" data-end=\"3059\" \/>\u2709\ufe0f <a class=\"decorated-link cursor-pointer\" rel=\"noopener\" data-start=\"3062\" data-end=\"3083\">info@nevrasresort.com<\/a><br data-start=\"3083\" data-end=\"3086\" \/>\ud83c\udf10 <a class=\"decorated-link\" href=\"https:\/\/nevrasresort.com\/\" target=\"_new\" rel=\"noopener\" data-start=\"3089\" data-end=\"3143\">https:\/\/nevrasresort.com\/<\/a><\/p>\n<p data-start=\"3147\" data-end=\"3185\">\u0634\u0643\u0631\u064b\u0627 \u0644\u0627\u0633\u062a\u062e\u062f\u0627\u0645\u0643\u0645 \u0645\u0648\u0642\u0639\u0646\u0627 \u0648\u0644\u062b\u0642\u062a\u0643\u0645 \u0628\u0646\u0627.<\/p>\n<!-- \/wp:paragraph -->\t\t\t\t\t\t<\/div>\n\t\t\t\t<\/div>\n\t\t\t\t\t<\/div>\n\t\t<\/div>\n\t\t\t\t\t<\/div>\n\t\t<\/section>\n\t\t\t\t<\/div>\n\t\t","protected":false},"excerpt":{"rendered":"<p>\u0634\u0631\u0648\u0637 \u0627\u0644\u062e\u0635\u0648\u0635\u064a\u0629 \u0648\u0627\u0644\u0623\u0645\u0627\u0646 \u064a\u064f\u0642\u062f\u0651\u0650\u0631 \u0645\u0648\u0642\u0639 https:\/\/nevrasresort.com\/ \u062e\u0635\u0648\u0635\u064a\u0629 \u0648\u0623\u0645\u0627\u0646 \u0627\u0644\u0645\u0639\u0644\u0648\u0645\u0627\u062a \u0627\u0644\u0634\u062e\u0635\u064a\u0629 \u0644\u0645\u0633\u062a\u062e\u062f\u0645\u064a\u0647\u060c \u0648\u064a\u062d\u0631\u0635 \u0639\u0644\u0649 \u0628\u0630\u0644 \u0623\u0642\u0635\u0649 \u0627\u0644\u062c\u0647\u0648\u062f \u0644\u062d\u0645\u0627\u064a\u0629 \u0647\u0630\u0647 \u0627\u0644\u0645\u0639\u0644\u0648\u0645\u0627\u062a. \u062a\u0648\u0636\u062d<\/p>\n","protected":false},"author":11,"featured_media":0,"parent":0,"menu_order":0,"comment_status":"closed","ping_status":"closed","template":"","meta":{"footnotes":""},"_links":{"self":[{"href":"https:\/\/nevrasresort.com\/ar\/wp-json\/wp\/v2\/pages\/13341"}],"collection":[{"href":"https:\/\/nevrasresort.com\/ar\/wp-json\/wp\/v2\/pages"}],"about":[{"href":"https:\/\/nevrasresort.com\/ar\/wp-json\/wp\/v2\/types\/page"}],"author":[{"embeddable":true,"href":"https:\/\/nevrasresort.com\/ar\/wp-json\/wp\/v2\/users\/11"}],"replies":[{"embeddable":true,"href":"https:\/\/nevrasresort.com\/ar\/wp-json\/wp\/v2\/comments?post=13341"}],"version-history":[{"count":3,"href":"https:\/\/nevrasresort.com\/ar\/wp-json\/wp\/v2\/pages\/13341\/revisions"}],"predecessor-version":[{"id":13357,"href":"https:\/\/nevrasresort.com\/ar\/wp-json\/wp\/v2\/pages\/13341\/revisions\/13357"}],"wp:attachment":[{"href":"https:\/\/nevrasresort.com\/ar\/wp-json\/wp\/v2\/media?parent=13341"}],"curies":[{"name":"wp","href":"https:\/\/api.w.org\/{rel}","templated":true}]}}